{"id":25,"date":"2025-01-28T10:59:42","date_gmt":"2025-01-28T10:59:42","guid":{"rendered":"https:\/\/pc.fhi-berlin.mpg.de\/nci\/?page_id=25"},"modified":"2026-05-08T08:13:35","modified_gmt":"2026-05-08T08:13:35","slug":"publications","status":"publish","type":"page","link":"https:\/\/pc.fhi-berlin.mpg.de\/nci\/publications\/","title":{"rendered":"Publications"},"content":{"rendered":"\n<h2 class=\"wp-block-heading\">2026<\/h2>\n\n\n\n<a href=\"https:\/\/www.science.org\/doi\/full\/10.1126\/sciadv.adz5505\"><p align=\"justify\"> A. P. Fellows, L. Lehmann, \u00c1. D\u00edaz Duque, M. Wolf, R. R. Netz, and M. Th\u00e4mer <br>\n<i>The Importance of Layer-Dependent Molecular Twisting for the Structural Anisotropy of Interfacial Water<\/i> <br>\n<b>Sci. Adv.<\/b> (2026) 12(17); eadz5505 <\/p><\/a>\n\n\n\n<a href=\"https:\/\/pubs.acs.org\/doi\/full\/10.1021\/jacs.5c19517\"><p align=\"justify\"> \u00c1. D\u00edaz Duque, V. Balos, M. Wolf, A. P. Fellows, and M. Th\u00e4mer <br>\n<i>Anisotropic Water Structure at Charged Interfaces Studied by Depth Resolved Vibrational SFG\/DFG Spectroscopy<\/i> <br>\n<b>J. Am. Chem. Soc.<\/b> (2026) 148(16); 16679\u201316689 <\/p><\/a>\n\n\n\n<a href=\"https:\/\/arxiv.org\/abs\/2505.19856\"><p align=\"justify\"> L. Lehmann, M. R. Becker, L. Tepper, A. P. Fellows, \u00c1. D\u00edaz Duque, M. Th\u00e4mer, and R. R. Netz <br>\n<i>Beyond the Electric Dipole Approximation: Electric and Magnetic Multipole Contributions Reveal Biaxial Water Structure from SFG Spectra at the Air-Water Interface<\/i> <br>\n<b>Nat. Commun.<\/b> (2026) In Press <\/p><\/a>\n\n\n\n<a href=\"https:\/\/doi.org\/10.1039\/D6FD00005C\"><p align=\"justify\"> N. Mirzajani, B. John, M. Wolf, M. Th\u00e4mer, A. P. Fellows <br>\n<i>Mapping In-plane Orientational Order and Correlation Lengths in Molecular Films using Azimuthal-Scanning Vibrational Sum-Frequency Generation Microscopy<\/i> <br>\n<b>Faraday Discuss.<\/b> (2026) Advance Article <\/p><\/a>\n\n\n\n<a href=\"https:\/\/doi.org\/10.1039\/D5FD00155B\"><p align=\"justify\"> \u00c1. D\u00edaz Duque, S. Kaur, M. Wolf, A. P. Fellows, and M. Th\u00e4mer <br>\n<i>The Influence of Electrolyte Concentration on the Depth-Dependent Structural Anisotropy of Water at Charged Interfaces<\/i> <br>\n<b>Faraday Discuss.<\/b> (2026) Advance Article <\/p><\/a>\n\n\n\n<a href=\"https:\/\/advanced.onlinelibrary.wiley.com\/doi\/10.1002\/adma.202510124\"><p align=\"justify\"> N. S. Mueller, A. P. Fellows, B. John, A. E. Naclerio, C. Carbogno, K. Gharagozloo-Hubmann, D. Bal\u00e1\u017e, R. A. Kowalski, H. H. Heenen, C. Scheurer, K. Reuter, J. D. Caldwell, M. Wolf, P. R. Kidambi, M. Th\u00e4mer, A. Paarmann <br>\n<i>Full Crystallographic Imaging of Hexagonal Boron Nitride Monolayers with Phonon-Enhanced Sum-Frequency Microscopy<\/i> <br>\n<b>Adv. Mater. <\/b> (2026) 38(7); e10124 <\/p><\/a>\n\n\n\n<a href=\"https:\/\/advanced.onlinelibrary.wiley.com\/doi\/full\/10.1002\/adma.202502204\"><p align=\"justify\"> J. M. Urban, M. S. Spencer, M. Frenzel, G. Tripp\u00e9-Allard, M. Cherasse, C. Berrezueta-Palacios, P. P. Joshi, A. P. Fellows, O. Minakova, E. B. Barros, L. Perfetti, S. Reich, M. Wolf, E. Deleporte, S. F. Maehrlein <br>\n<i>THz-Driven Coherent Phonon Fingerprints of Hidden Symmetry Breaking in 2D Layered Hybrid Perovskites<\/i> <br>\n<b>Adv. Mater. <\/b> (2026) 38(4); e02204 <\/p><\/a>\n\n\n\n<h2 class=\"wp-block-heading\">2025<\/h2>\n\n\n\n<a href=\"https:\/\/doi.org\/10.48550\/arXiv.2512.23397\"><p align=\"justify\"> Y. Behovits, A. L. Chekhov, A. Ruge, R. Rouzegar, B. Rosinus Serrano, A. P. Fellows, B. John, M. Th\u00e4mer, S. Reimers, F. Renner, T. Dannegger, U. Nowak, T. S. Seifert, M. Kl\u00e4ui, M. Jourdan, T. Kampfrath <br>\n<i>\nTerahertz switching of antiferromagnetic order by N\u00e9el spin-orbit torques<\/i> <br>\n<b>arXiv<\/b> (2025) arXiv:2512.23397 <\/p><\/a>\n\n\n\n<a href=\"https:\/\/pubs.rsc.org\/en\/content\/articlehtml\/2025\/fd\/d4fd00187g\"><p align=\"justify\"> B. John, S. Kaur, M. Wolf, M. Th\u00e4mer, and A. P. Fellows <br>\n<i>Using Vibrational Sum-Frequency Generation Microscopy to Probe the Impact of Headgroup Functionality on the Hierarchical Domain Structure in Lipid Membranes<\/i> <br>\n<b>Faraday Discuss.<\/b> (2025) 259; 366-383 <\/p><\/a>\n\n\n\n<h2 class=\"wp-block-heading\">2024<\/h2>\n\n\n\n<a href=\"https:\/\/pubs.acs.org\/doi\/full\/10.1021\/acs.jpcc.4c06650\"><p align=\"justify\">A. P. Fellows, \u00c1. D\u00edaz Duque, V. Balos, L. Lehmann, R. R. Netz, M. Wolf, and M. Th\u00e4mer <br>\n<i>Sum-Frequency Generation Spectroscopy of Aqueous Interfaces: The Role of Depth and its Impact on Spectral Interpretation<\/i> <br>\n<b>J. Phys. Chem. C<\/b> (2024) 128(49); 20733-20750 <\/p><\/a>\n\n\n\n<a href=\"https:\/\/pubs.acs.org\/doi\/abs\/10.1021\/acs.jpclett.4c02679\"><p align=\"justify\"> A. P. Fellows, B. John, M. Wolf, and M. Th\u00e4mer <br>\n<i>Extracting the Heterogeneous 3D Structure of Molecular Films using Higher Dimensional SFG Microscopy<\/i><br>\n<b>J. Phys. Chem. Lett.<\/b> (2024) 15; 10849-10857<\/p><\/a>\n\n\n\n<a href=\"https:\/\/pubs.acs.org\/doi\/abs\/10.1021\/acs.langmuir.4c02571\"><p align=\"justify\">A. P. Fellows, \u00c1. D\u00edaz Duque, V. Balos, L. Lehmann, R. R. Netz, M. Wolf, and M. Th\u00e4mer <br>\n<i>How Thick is the Air-Water Interface? \u2013 A Direct Experimental Measurement of the Decay Length of the Interfacial Structural Anisotropy<\/i> <br>\n<b>Langmuir<\/b> (2024) 40(35); 18760-18772 <\/p><\/a>\n\n\n\n<a href=\"https:\/\/www.nature.com\/articles\/s41467-024-47573-1\"><p align=\"justify\">A. P. Fellows, B. John, M. Wolf, and M. Th\u00e4mer <br>\n<i>Spiral Packing and Chiral Selectivity in Model Membranes Probed by Phase-Resolved Sum-Frequency Generation Microscopy<\/i><br>\n<b>Nat. Commun.<\/b> (2024) 15; 3161 <\/p><\/a>\n\n\n\n<h2 class=\"wp-block-heading\">2023<\/h2>\n\n\n\n<a href=\"https:\/\/pubs.aip.org\/aip\/jcp\/article\/159\/16\/164201\/2918247\"><p align=\"justify\">A. P. Fellows, V. Balos, B. John, \u00c1. D\u00edaz Duque, M. Wolf, and M. Th\u00e4mer <br>\n<i>Obtaining Extended Insight into Molecular Systems by Probing Multiple Pathways in Second-Order Nonlinear Spectroscopy<\/i><br>\n<b>J. Chem. Phys.<\/b> (2023) 159(16), 164201 <\/p><\/a>\n\n\n\n<a href=\"https:\/\/www.cell.com\/biophysj\/fulltext\/S0006-3495(22)00894-3\"><p align=\"justify\">A. P. Fellows, M. T. L. Casford, and P. B. Davies <br>\n<i>In Situ Investigation of the Oxidation of a Phospholipid Monolayer by Reactive Oxygen Species (ROS)<\/i><br>\n<b>Biophys. J.<\/b> (2023) 122(11); 2007-2022 <\/p><\/a>\n\n\n\n<h2 class=\"wp-block-heading\">Before 2023<\/h2>\n\n\n\n<a href=\"https:\/\/pubs.aip.org\/aip\/jcp\/article\/156\/16\/164701\/2841138\"><p align=\"justify\">A. P. Fellows, M. T. L. Casford, and P. B. Davies <br>\n<i>Investigating B\u00e9nard-Marangoni Migration at the Air-Water Interface in the Time Domain using Sum Frequency Generation (SFG) Spectroscopy of Palmitic Acid Monolayers<\/i><br>\n<b>J. Chem. Phys.<\/b> (2022) 156(16); 164701 <\/p><\/a>\n\n\n\n<a href=\"https:\/\/www.mdpi.com\/2073-4360\/14\/1\/192\"><p align=\"justify\">A. P. Fellows, D. Puhan, J. S. S. Wong, M. T. L. Casford, and P. B. Davies<br>\n<i>Probing the Nanoscale Heterogeneous Mixing in a High-Performance Polymer Blend<\/i><br>\n<b>Polymers<\/b> (2022) 14(1); 192 <\/p>\n\n\n\n<a href=\"https:\/\/onlinelibrary.wiley.com\/doi\/abs\/10.1111\/ics.12753\"><p align=\"justify\">A. P. Fellows, M. T. L. Casford, and P. B. Davies<br>\n<i>Chemically Characterising the Cortical Cell Nano-Structure of Human Hair using Atomic Force Microscopy integrated with Infrared Spectroscopy (AFM-IR)<\/i><br>\n<b>Int. J. Cosmet. Sci.<\/b> (2021) 44(1), 42-55 <\/p><\/a>\n\n\n\n<a href=\"https:\/\/onlinelibrary.wiley.com\/doi\/abs\/10.1111\/jmi.13052\"><p align=\"justify\">A. P. Fellows, M. T. L. Casford, and P. B. Davies<br>\n<i>Using Hybrid Atomic Force Microscopy and Infrared Spectroscopy (AFM-IR) to Identify Chemical Components of the Hair Medulla on the Nanoscale<\/i><br>\n<b>J. Microsc.<\/b> (2021) 284(3), 189-202 <\/p><\/a>\n\n\n\n<a href=\"https:\/\/pubs.aip.org\/aip\/adv\/article\/11\/4\/045119\/992464\"><p align=\"justify\">A. P. Fellows, M. T. L. Casford, and P. B. Davies<br>\n<i>Orientation Analysis of Sum Frequency Generation Spectra of Di-chain Phospholipids: Effect of the Second Acyl Chain<\/i><br>\n<b>AIP Adv.<\/b> (2021) 11(4), 045119 <\/p><\/a>\n\n\n\n<a href=\"https:\/\/www.sciencedirect.com\/science\/article\/pii\/S0927776520307396\"><p align=\"justify\">A. P. Fellows, M. T. L. Casford, P. B. Davies, J. S. Gibson, J. N. Brewin, and D. C. Rees<br>\n<i>Nanoscale Adhesion Profiling and Membrane Characterisation in Sickle Cell Disease using Hybrid Atomic Force Microscopy-IR Spectroscopy<\/i><br>\n<b>Colloids Surf. B<\/b> (2021) 197, 111383 <\/p><\/a>\n\n\n\n<a href=\"https:\/\/journals.sagepub.com\/doi\/abs\/10.1177\/0003702820933942\"><p align=\"justify\">A. P. Fellows, M. T. L. Casford, and P. B. Davies<br>\n<i>Nanoscale Molecular Characterisation of Hair Cuticle Cells Using Integrated Atomic Force Microscopy-Infrared Laser Spectroscopy<\/i><br>\n<b>Appl. Spectrosc.<\/b> (2020) 74(12), 1540-1550 <\/p><\/a>\n\n\n\n<a href=\"https:\/\/www.cell.com\/biophysj\/fulltext\/S0006-3495(20)30717-7\"><p align=\"justify\">A. P. Fellows, M. T. L. Casford, and P. B. Davies<br>\n<i>Infrared Nanospectroscopy of Air-Sensitive Biological Substrates Protected by Thin Hydrogel Films<\/i><br>\n<b>Biophys. J.<\/b> (2020) 119(8), 1474-1480 <\/p><\/a>\n\n\n\n<a href=\"https:\/\/pubs.acs.org\/doi\/abs\/10.1021\/acs.jpcc.0c04782\"><p align=\"justify\">A. P. Fellows, D. Puhan, M. T. L. Casford, and P. B. Davies<br>\n<i>Understanding the Lubrication Mechanism of Polyvinyl Alcohol Hydrogels using Infrared Nanospectroscopy<\/i><br>\n<b>J. Phys. Chem. C<\/b> (2020) 124(33), 18091-18101 <\/p><\/a>\n\n\n\n<a href=\"https:\/\/journals.sagepub.com\/doi\/abs\/10.1177\/0003702819898536\"><p align=\"justify\">A. P. Fellows, M. T. L. Casford, and P. B. Davies<br>\n<i>Spectral Analysis and Deconvolution of the Amide-I Band of Proteins Presenting with High-Frequency Noise and Baseline Shifts<\/i><br>\n<b>Appl. Spectrosc.<\/b> (2020) 74(5), 597-615 <\/p><\/a>\n\n\n\n<a href=\"https:\/\/www.sciencedirect.com\/science\/article\/pii\/S0005273619301361\"><p align=\"justify\">S. A. Goussous, A. P. Fellows, M. T. L. Casford, and P. B. Davies<br>\n<i>A Time Domain Study of Surfactin Penetrating a Phospholipid Monolayer at the Air-Water Interface Investigated using Sum Frequency Generation Spectroscopy, Infrared Reflection Absorption Spectroscopy, and AFM-Nano Infrared Microscopy<\/i><br>\n<b>BBA-Biomembranes<\/b> (2019) 1861(9), 1568-1578 <\/p><\/a>\n\n\n\n<p><\/p>\n\n\n\n<p><\/p>\n\n\n\n<p><\/p>\n\n\n\n<p><\/p>\n\n\n\n<p><\/p>\n\n\n\n<p><\/p>\n\n\n\n<p><\/p>\n\n\n\n<p><\/p>\n\n\n\n<p><\/p>\n\n\n\n<p><\/p>\n\n\n\n<p><\/p>\n","protected":false},"excerpt":{"rendered":"<p>2026 A. P. Fellows, L. Lehmann, \u00c1. D\u00edaz Duque, M. Wolf, R. R. Netz, and M. Th\u00e4mer The Importance of Layer-Dependent Molecular Twisting for the Structural Anisotropy of Interfacial Water Sci. Adv. (2026) 12(17); eadz5505 \u00c1. D\u00edaz Duque, V. Balos, M. Wolf, A. P. Fellows, and M. Th\u00e4mer Anisotropic Water Structure at Charged Interfaces Studied [&hellip;]<\/p>\n","protected":false},"author":2,"featured_media":0,"parent":0,"menu_order":60,"comment_status":"closed","ping_status":"closed","template":"","meta":{"pc_test_meta":"","_wp_page_template":"default","_pc_groupsite_showsInMenu":true,"_pc_groupsite_internal_hide_warning":false,"_pc_groupsite_internal_hide_header":false,"_pc_groupsite_visibleInternally":false,"_pc_groupsite_fullWidthPage":false,"_pc_groupsite_showChildpageHeadings":false,"_pc_groupsite_showChildpageShort":false,"_pc_groupsite_showChildpageMenu":false,"_pc_groupsite_people_format":"","_pc_groupsite_textAlign":"","_pc_groupsite_contentWidth":"","_pc_groupsite_news_cat":"","_pc_groupsite_news_count":0,"_pc_groupsite_pub_show_journal":false,"_pc_groupsite_pub_show_book":false,"_pc_groupsite_pub_show_thesis":false,"_pc_groupsite_pub_show_dataset":false,"_pc_groupsite_pub_years_hidden":false,"_pc_groupsite_pub_numbering":"","_pc_groupsite_pub_merge_years_before":"","_pc_groupsite_people_type":"","_pc_groupsite_people_position":"","_pc_groupsite_people_responsibilities":"","_pc_groupsite_people_email":"","_pc_groupsite_people_phone":"","_pc_groupsite_people_link":"","_pc_groupsite_people_hide_menu":false,"_pc_groupsite_people_hide_photo":false,"_pc_groupsite_people_img_pos":"","_pc_groupsite_people_img_pos_x":0,"_pc_groupsite_people_img_pos_y":0,"_pc_groupsite_people_img_scale":0,"_pc_groupsite_pub_type":"","_pc_groupsite_pub_title":"","_pc_groupsite_pub_authors":"","_pc_groupsite_pub_journal":"","_pc_groupsite_pub_doi":"","_pc_groupsite_pub_openaccess":"","_pc_groupsite_pub_openaccess_name":"","_pc_groupsite_pub_date":"","_pc_groupsite_pub_dataset":"","_pc_groupsite_pub_dataset_name":"","footnotes":""},"class_list":["post-25","page","type-page","status-publish","hentry"],"_links":{"self":[{"href":"https:\/\/pc.fhi-berlin.mpg.de\/nci\/wp-json\/wp\/v2\/pages\/25","targetHints":{"allow":["GET"]}}],"collection":[{"href":"https:\/\/pc.fhi-berlin.mpg.de\/nci\/wp-json\/wp\/v2\/pages"}],"about":[{"href":"https:\/\/pc.fhi-berlin.mpg.de\/nci\/wp-json\/wp\/v2\/types\/page"}],"author":[{"embeddable":true,"href":"https:\/\/pc.fhi-berlin.mpg.de\/nci\/wp-json\/wp\/v2\/users\/2"}],"replies":[{"embeddable":true,"href":"https:\/\/pc.fhi-berlin.mpg.de\/nci\/wp-json\/wp\/v2\/comments?post=25"}],"version-history":[{"count":21,"href":"https:\/\/pc.fhi-berlin.mpg.de\/nci\/wp-json\/wp\/v2\/pages\/25\/revisions"}],"predecessor-version":[{"id":414,"href":"https:\/\/pc.fhi-berlin.mpg.de\/nci\/wp-json\/wp\/v2\/pages\/25\/revisions\/414"}],"wp:attachment":[{"href":"https:\/\/pc.fhi-berlin.mpg.de\/nci\/wp-json\/wp\/v2\/media?parent=25"}],"curies":[{"name":"wp","href":"https:\/\/api.w.org\/{rel}","templated":true}]}}