{"id":11,"date":"2023-10-24T09:39:40","date_gmt":"2023-10-24T09:39:40","guid":{"rendered":"https:\/\/pc.fhi-berlin.mpg.de\/lvi\/?page_id=11"},"modified":"2026-04-09T12:11:48","modified_gmt":"2026-04-09T12:11:48","slug":"publications","status":"publish","type":"page","link":"https:\/\/pc.fhi-berlin.mpg.de\/lvi\/publications\/","title":{"rendered":"Publications"},"content":{"rendered":"\n<p><\/p>\n\n\n\n<h2 class=\"wp-block-heading\">2025<\/h2>\n\n\n\n<p>Su, H., Chai, J., Guan, Z., Bluhm, H., Zhang, Z., Cao, Y., Liu, Z., Chueh, W.C., Zhang, L., Chen, D. <br><strong>Tuning the f band for Enhanced Surface Redox in Strained Rare Earth Oxides<\/strong>.<em> <\/em><br><a href=\"https:\/\/pubs.acs.org\/doi\/10.1021\/jacs.5c08872\" data-type=\"link\" data-id=\"https:\/\/pubs.acs.org\/doi\/10.1021\/jacs.5c08872\"><em>J. Am. Chem. Soc. <strong>147<\/strong>, 40196-40204 (2025).<\/em><\/a>\u00a0 DOI: 10.1021\/jacs.5c08872<\/p>\n\n\n\n<p>Gholami, S., Buttersack, T., Richter, C., Trinter, F., Dupuy, R., Cablitz, L., Zhou, Q., Nicholas, C., Shavorskiy, A., Diaman, D., Hergenhahn, U., Winter, B., Bluhm, H.<br><strong>Interaction of Ions and Surfactants at the Seawater-Air Interface. <\/strong><br><em><a href=\"https:\/\/pubs.rsc.org\/en\/content\/articlelanding\/2025\/ea\/d4ea00151f\" data-type=\"link\" data-id=\"https:\/\/pubs.rsc.org\/en\/content\/articlelanding\/2025\/ea\/d4ea00151f\">Environmental Science: Atmospheres <strong>5<\/strong>, 291-299 (2025)<\/a>.<\/em> DOI: 10.1039\/D4EA00151F<\/p>\n\n\n\n<p>Holburg, J., Figul, S., Carvat, A., Bluhm, H., Abel, B., Marowsky, G., Mai, D.-D., Mann, K.<br><strong>Soft X-ray Absorption Spectroscopy with a Flat Liquid Jet in Vacuum Using a Table-Top Laser-Induced Plasma Source<\/strong>.<br><a href=\"https:\/\/analyticalsciencejournals.onlinelibrary.wiley.com\/doi\/10.1002\/xrs.3474\" data-type=\"link\" data-id=\"https:\/\/analyticalsciencejournals.onlinelibrary.wiley.com\/doi\/10.1002\/xrs.3474\"><em>X-ray Spectrometry <strong>54<\/strong>, 394-400 (2025)<\/em><\/a>. DOI: https:\/\/doi.org\/10.1002\/xrs.3474<\/p>\n\n\n\n<p>Jaugstetter, M., Qi, X., Chan, E., Salmeron, M.B., Wilson, K.R., Nem\u0161\u00e1k, S., Bluhm, H.<br><strong>Direct Observation of Morphological and Chemical Changes During the Oxidation of Model Inorganic Ligand-Capped Particles<\/strong>. <br><em><a href=\"https:\/\/pubs.acs.org\/doi\/10.1021\/acsnano.4c08846\" data-type=\"link\" data-id=\"https:\/\/pubs.acs.org\/doi\/10.1021\/acsnano.4c08846\">ACS Nano <strong>19<\/strong>, 418-426 (2025)<\/a>.<\/em>&nbsp; DOI: 10.1021\/acsnano.4c08846<\/p>\n\n\n\n<p>Richter, C., Gholami, S., Manoharan, Y., Buttersack, T., Longetti, L., Artiglia, L., Ammann, M., Bartels-Rausch, Th., Bluhm, H. <br><strong>Uptake of Ammonia by Ice Surfaces at Atmospheric Temperatures<\/strong>. <br><a href=\"https:\/\/pubs.rsc.org\/en\/content\/articlelanding\/2025\/fd\/d4fd00169a\" data-type=\"link\" data-id=\"https:\/\/pubs.rsc.org\/en\/content\/articlelanding\/2025\/fd\/d4fd00169a\"><em>Faraday Discussions <strong>258<\/strong>, 532-545 (2025)<\/em><\/a>.&nbsp; DOI: 10.1039\/D4FD00169A<\/p>\n\n\n\n<p>Kaur, H., Th\u00fcrmer, S., Gholami, S., Credidio, B., Trinter, F., Vasconcelos, D., Marinho, R., Pinheiro, J., Bluhm, H., Naves de Brito, A., \u00d6hrwall, G., Winter, B., Bj\u00f6rneholm, O. <br><strong>Boosting aerosol surface effects: Strongly Enhanced Cooperative Surface Propensity of Atmospherically Relevant Organic Molecular Ions in Aqueous Solution<\/strong>. <br><em><a href=\"https:\/\/acp.copernicus.org\/articles\/25\/3503\/2025\/\" data-type=\"link\" data-id=\"https:\/\/acp.copernicus.org\/articles\/25\/3503\/2025\/\">Atmos. Chem. Phys. <strong>25<\/strong>, 3503-3518 (2025)<\/a><\/em>. DOI: 10.5194\/acp-25-3503-2025<\/p>\n\n\n\n<p>Machala, M.L., Zhang, D., Chen, D., Guan, Z., Li, H., Liu, Y., Park, J., Sinclair, R., Crumlin, E., Bluhm, H., Chueh, W.C.<br><strong>Reducing the degradation rate and surface diffusion of (La<sub>0.5<\/sub>Sr<sub>0.5<\/sub>)FeO<sub>3\u2212\u03b4<\/sub> electrodes in ambient air through multilayering<\/strong>.<br><a href=\"https:\/\/www.sciencedirect.com\/science\/article\/pii\/S0167273825001596\" data-type=\"link\" data-id=\"https:\/\/www.sciencedirect.com\/science\/article\/pii\/S0167273825001596\"><em>Solid State Ionics <strong>428<\/strong>, 116940 (2025)<\/em><\/a>.&nbsp; DOI: 10.1016\/j.ssi.2025.116940<\/p>\n\n\n\n<h2 class=\"wp-block-heading\">2024<\/h2>\n\n\n\n<p>Buttersack, T., Gladich, I., Gholami, S., Richter, C., Dupuy, R., Nicholas, C., Trinter, F., Trunschke, A., Delgado, D., Arroyo, P.C.,  Parmentier, E.A., Winter, B., Iezzi, L., Roose, A., Boucly, A., Artiglia, L., Ammann, M., Signorell, R., Bluhm, H.<br><strong>Direct observation of the complex S(IV) equilibria at the liquid-vapor interface<\/strong>. <br><em><a href=\"https:\/\/www.nature.com\/articles\/s41467-024-53186-5\" data-type=\"link\" data-id=\"https:\/\/www.nature.com\/articles\/s41467-024-53186-5\">Nat. Commun. <strong>15<\/strong>, 8987 (2024).<\/a>&nbsp; <\/em>DOI: 10.1038\/s41467-024-53186-5<\/p>\n\n\n\n<p>Dupuy, R., Buttersack, T., Trinter, F., Richter, C., Gholami, S., Bj\u00f6rneholm, O., Hergenhahn, U., Winter, B., Bluhm, H. <br><strong>Resonant intermolecular coulombic decay probes the first solvation shell.<\/strong><br><a href=\"https:\/\/www.nature.com\/articles\/s41467-024-51417-3\" data-type=\"link\" data-id=\"https:\/\/pubs.acs.org\/doi\/10.1021\/acs.jpcc.4c00113\"><em>Nat. Commun. 15, 6926 (2024).<\/em><\/a><em><a href=\"https:\/\/pubs.rsc.org\/en\/content\/articlelanding\/2024\/cp\/d4cp02212b\" data-type=\"link\" data-id=\"https:\/\/pubs.acs.org\/doi\/10.1021\/acs.jpcc.4c00113\">  <\/a>DOI: 10.1038\/s41467-024-51417-3<\/em><\/p>\n\n\n\n<p>Richter, C., Dupuy, R., Trinter, F.,Buttersack, T. Cablitz, L., Gholami, S., Stemer, D., Nicolas, C. Seidel, R., Winter, B., Bluhm, H. <strong>Surface accumulation and acid-base equilibrium of phenol at the liquid-vapor interface.<\/strong><br><a href=\"https:\/\/pubs.rsc.org\/en\/content\/articlelanding\/2024\/cp\/d4cp02212b\" data-type=\"link\" data-id=\"https:\/\/pubs.acs.org\/doi\/10.1021\/acs.jpcc.4c00113\"><em>Phys. Chem. Chem. Phys. 26, 27292-27300 (2024).<\/em><\/a><em><a href=\"https:\/\/pubs.rsc.org\/en\/content\/articlelanding\/2024\/cp\/d4cp02212b\" data-type=\"link\" data-id=\"https:\/\/pubs.acs.org\/doi\/10.1021\/acs.jpcc.4c00113\">  <\/a>DOI: 10.1039\/D4CP02212B<\/em><\/p>\n\n\n\n<p>Teschner, D., J. Plescher, S. Piccinin, T.E. Jones, A. Hammud, F. Schmidt, A. Knop-Gericke, H. Bluhm and A. Shavorskiy. <strong>Understanding Anomalous Gas-Phase Peak Shifts in Dip-and-Pull Ambient Pressure XPS Experiments.<\/strong><br><a href=\"https:\/\/pubs.acs.org\/doi\/10.1021\/acs.jpcc.4c00113\" data-type=\"link\" data-id=\"https:\/\/pubs.acs.org\/doi\/10.1021\/acs.jpcc.4c00113\"><em>The Journal of Physical Chemistry C 128 (17), 7096\u20137105 (2024).<\/em><\/a>  <em>DOI: 10.1021\/acs.jpcc.4c00113<\/em><\/p>\n\n\n\n<p>Hoek, H., T. Gerber, C. Richter, R. Dupuy, R.J. Rapf, H. Oertel, T. Buttersack, L. Trotochaud, O. Karsl\u0131o\u011flu, D. Goodacre, M. Blum, S.M. Gericke, C. Buechner, B. Rude, F. Mugele, K.R. Wilson and H. Bluhm.<br><strong>Compression of a Stearic Acid Surfactant Layer on Water Investigated by Ambient Pressure X-ray Photoelectron Spectroscopy.<\/strong><br><em><a href=\"https:\/\/pubs.acs.org\/doi\/10.1021\/acs.jpcb.4c00451\" data-type=\"link\" data-id=\"https:\/\/pubs.acs.org\/doi\/10.1021\/acs.jpcb.4c00451\">The Journal of Physical Chemistry B 128 (15), 3755\u20133763 (2024).<\/a><\/em>  <em>DOI: 10.1021\/acs.jpcb.4c00451<\/em><\/p>\n\n\n\n<h2 class=\"wp-block-heading\">2023<\/h2>\n\n\n\n<p>Conti, G., Shavorskiy, A., Bluhm, H., and Nem\u0161\u00e1k, S. <br><strong>X-ray Standing-wave Photoelectron Spectroscopy: A powerful method for probing buried interfaces.<\/strong><em><br><a href=\"https:\/\/www.sciencedirect.com\/science\/article\/abs\/pii\/B9780323856690001410?via%3Dihub\">Encyclopedia of Solid-Liquid Interfaces<\/a><\/em>, K. Wandelt, G. Bussetti (Eds.), (2023). DOI: 10.1016\/B978-0-323-85669-0.00141-0<\/p>\n\n\n\n<p>Buttersack, T., H. Haak, H. Bluhm, U. Hergenhahn, G. Meijer and B. Winter. <br><strong>Imaging temperature and thickness of thin planar liquid water jets in vacuum.<\/strong><br><em><a href=\"https:\/\/pubs.aip.org\/aca\/sdy\/article\/10\/3\/034901\/2900493\/Imaging-temperature-and-thickness-of-thin-planar\" data-type=\"link\" data-id=\"https:\/\/pubs.aip.org\/aca\/sdy\/article\/10\/3\/034901\/2900493\/Imaging-temperature-and-thickness-of-thin-planar\">Structural Dynamics 10 (3), 034901 (2023).<\/a><\/em>   <em>DOI: 10.1063\/4.0000188<\/em><\/p>\n\n\n\n<p>Dupuy, R., J. Filser, C. Richter, T. Buttersack, F. Trinter, S. Gholami, R. Seidel, C. Nicolas, J. Bozek, D. Egger, H. Oberhofer, S. Th\u00fcrmer, U. Hergenhahn, K. Reuter, B. Winter and H. Bluhm.<br><strong>\u00c5ngstrom-Depth Resolution with Chemical Specificity at the Liquid-Vapor Interface.<\/strong><br><em><a href=\"https:\/\/journals.aps.org\/prl\/abstract\/10.1103\/PhysRevLett.130.156901\">Physical Review Letters 130 (15), 156901 (2023).<\/a><\/em>  DOI: 10.1103\/PhysRevLett.130.156901<\/p>\n\n\n\n<p>Dupuy, R., S. Th\u00fcrmer, C. Richter, T. Buttersack, F. Trinter, B. Winter and H. Bluhm.<br><strong>Core-Level Photoelectron Angular Distributions at the Liquid\u2013Vapor Interface.<\/strong><br><em><a href=\"https:\/\/pubs.acs.org\/doi\/10.1021\/acs.accounts.2c00678\">Accounts of Chemical Research 56 (3), 215\u2013223 (2023).<\/a><\/em>  DOI:&nbsp; 10.1021\/acs.accounts.2c00678<\/p>\n\n\n\n<p>Scardamaglia, M., H. Bluhm, S. Nem\u0161\u00e1k and A. Shavorskiy.<br><strong>Depth distribution of alkali metal ions on supported graphene in the presence of water.<\/strong><br><em><a href=\"https:\/\/www.sciencedirect.com\/science\/article\/pii\/S0368204822001141?via%3Dihub\" data-type=\"link\" data-id=\"https:\/\/www.sciencedirect.com\/science\/article\/pii\/S0368204822001141?via%3Dihub\">Journal of Electron Spectroscopy and Related Phenomena 262 (1), 147281 (2023).<\/a><\/em>   DOI: 10.1016\/j.elspec.2022.147281<\/p>\n\n\n\n<h2 class=\"wp-block-heading\">2022<\/h2>\n\n\n\n<p>Wang, W., M. Favaro, E. Chen, L. Trotochaud, H. Bluhm, K.-S. Choi, R. van de Krol, D.E. Starr and G. Galli.<br><strong>Influence of Excess Charge on Water Adsorption on the BiVO<sub>4<\/sub>(010) Surface.<\/strong><br><em><a href=\"https:\/\/pubs.acs.org\/doi\/10.1021\/jacs.2c07501\" data-type=\"link\" data-id=\"https:\/\/pubs.acs.org\/doi\/10.1021\/jacs.2c07501\">Journal of the American Chemical Society 114 (37), 17173\u201317185 (2022).<\/a><\/em><\/p>\n\n\n\n<p>Liu, B.-H., M. Huber, M.A. van Spronsen, M. Salmeron and H. Bluhm.<br><strong>Ambient pressure X-ray photoelectron spectroscopy study of room-temperature oxygen adsorption on Cu(1 0 0) and Cu(1 1 1).<\/strong><br><em><a href=\"https:\/\/www.sciencedirect.com\/science\/article\/pii\/S0169433222000216?via%3Dihub\" data-type=\"link\" data-id=\"https:\/\/www.sciencedirect.com\/science\/article\/pii\/S0169433222000216?via%3Dihub\">Applied Surface Science 583, 152438 (2022)<\/a><\/em><\/p>\n\n\n\n<p>Dupuy, R., J. Filser, C. Richter, R. Seidel, F. Trinter, T. Buttersack, C. Nicolas, J. Bozek, U. Hergenhahn, H. Oberhofer, B. Winter, K. Reuter and H. Bluhm.<br><strong>Photoelectron angular distributions as sensitive probes of surfactant layer structure at the liquid-vapor interface.<\/strong><br><a href=\"https:\/\/pubs.rsc.org\/en\/content\/articlelanding\/2022\/cp\/d1cp05621b\" data-type=\"link\" data-id=\"https:\/\/pubs.rsc.org\/en\/content\/articlelanding\/2022\/cp\/d1cp05621b\"><em>Physical Chemistry Chemical Physics 24 (8), 4796\u20134808 (2022).<\/em><\/a><\/p>\n\n\n\n<p>Karsl\u0131o\u011flu, O., L. Trotochaud, F. Salmassi, E.M. Gullikson, A. Shavorskiy, S. Nem\u0161\u00e1k and H. Bluhm.<br><strong>Prospects for the expansion of standing wave ambient pressure photoemission spectroscopy to reactions at elevated temperatures.<\/strong><br><em><a href=\"https:\/\/pubs.aip.org\/avs\/jva\/article\/40\/1\/013207\/2846451\/Prospects-for-the-expansion-of-standing-wave\" data-type=\"link\" data-id=\"https:\/\/pubs.aip.org\/avs\/jva\/article\/40\/1\/013207\/2846451\/Prospects-for-the-expansion-of-standing-wave\">Journal of Vacuum Science and Technology A 40 (1), 013207 (2022).<\/a><\/em><\/p>\n\n\n\n<p>Vadilonga, S., P. Dumas, U. Schade, K. Holldack, K. Hinrichs, G. Reichardt, T. Gerber, A. Vollmer, J.P. Hofmann, H. Oertel, B. Rech, R. Schl\u00f6gl, J. Viefhaus and H. Bluhm.<br><strong>Optical Layout and Endstation Concept for the Enhanced Liquid Interface Spectroscopy and Analysis (ELISA) Beamline at BESSY-II.<\/strong><br><em><a href=\"https:\/\/www.tandfonline.com\/doi\/full\/10.1080\/08940886.2022.2082213\">Synchrotron Radiation News 35 (3), 67\u201372 (2022).<\/a><\/em><\/p>\n\n\n\n<h2 class=\"wp-block-heading\">2021<\/h2>\n\n\n\n<p>Goodacre, D., M. Blum, C. Buechner, V. Jovic, J.B. Franklin, S. Kittiwatanakul, T. S\u00f6hnel, H. Bluhm and K.E. Smith.<br><strong>Methanol Adsorption on Vanadium Oxide Surfaces Observed by Ambient Pressure X-ray Photoelectron Spectroscopy.<\/strong><br><em><a href=\"https:\/\/pubs.acs.org\/doi\/10.1021\/acs.jpcc.1c07403\">The Journal of Physical Chemistry C 125 (42), 23192\u201323204 (2021).<\/a><\/em><\/p>\n\n\n\n<p>Karagoz, B., R. Tsyshevsky, L. Trotochaud, Y. Yu, O. Karsl\u0131o\u011flu, M. Blum, B. Eichhorn, H. Bluhm, M.M. Kuklja and A.R. Head.<br><strong>NO<sub>2<\/sub>&nbsp;Interactions with MoO<sub>3<\/sub>&nbsp;and CuO at Atmospherically Relevant Pressures.<\/strong><br><em><a href=\"https:\/\/pubs.acs.org\/doi\/10.1021\/acs.jpcc.1c02517\">The Journal of Physical Chemistry C 125 (30), 16489\u201316497 (2021).<\/a><\/em><\/p>\n\n\n\n<p>Hwang, J., R.R. Rao, L. Giordana, K. Akkiraju, X.R. Wang, E.J. Crumlin, H. Bluhm and Y. Shao-Horn.<br><strong>Regulating oxygen activity of perovskites to promote NOx oxidation and reduction kinetics<\/strong>.<br><a href=\"https:\/\/www.nature.com\/articles\/s41929-021-00656-4\" data-type=\"link\" data-id=\"https:\/\/www.nature.com\/articles\/s41929-021-00656-4\"><em>Nature Catalysis 4 (8), 663\u2013673 (2021).<\/em><\/a><\/p>\n\n\n\n<p>Kersell, H.,&nbsp;P. Chen,&nbsp;H. Martins,&nbsp;Q. Lu,&nbsp;F. Brausse,&nbsp;B.-H. Liu,&nbsp;M. Blum,&nbsp;S. Roy,&nbsp;B. Rude,&nbsp;A. Kilcoyne,&nbsp;H. Bluhm&nbsp;and&nbsp;S. Nem\u0161\u00e1k.<br><strong>Simultaneous ambient pressure x-ray photoelectron spectroscopy and grazing incidence x-ray scattering in gas environments.<\/strong><br><em><a href=\"https:\/\/pubs.aip.org\/aip\/rsi\/article\/92\/4\/044102\/966643\/Simultaneous-ambient-pressure-x-ray-photoelectron\" data-type=\"link\" data-id=\"https:\/\/pubs.aip.org\/aip\/rsi\/article\/92\/4\/044102\/966643\/Simultaneous-ambient-pressure-x-ray-photoelectron\">Review of Scientific Instruments&nbsp;92&nbsp;(4), 044102 (2021).<\/a><\/em><br><br>Dupuy, R.,&nbsp;C. Richter,&nbsp;B. Winter,&nbsp;G. Meijer,&nbsp;R. Schl\u00f6gl&nbsp;and&nbsp;H. Bluhm.<br><strong>Core level photoelectron spectroscopy of heterogeneous reactions at liquid-vapor interfaces: Current status, challenges, and prospects.<\/strong><br><em><a href=\"https:\/\/pubs.aip.org\/aip\/jcp\/article\/154\/6\/060901\/199858\/Core-level-photoelectron-spectroscopy-of\">The Journal of Chemical Physics&nbsp;154&nbsp;(6), 060901 (2021).<\/a><\/em><\/p>\n\n\n\n<p>Rose, M.A.,&nbsp;B. \u0160m\u00edd,&nbsp;M. Vorokhta,&nbsp;I. Slipukhina,&nbsp;M. Andr\u00e4,&nbsp;H. Bluhm,&nbsp;T. Ducho\u0148,&nbsp;M. Le\u017eai\u0107,&nbsp;S.A. Chambers,&nbsp;R. Dittmann,&nbsp;D.N. Mueller&nbsp;and&nbsp;F. Gunkel.<br><strong>Identifying Ionic and Electronic Charge Transfer at Oxide Heterointerfaces.<\/strong><br><em><a href=\"https:\/\/onlinelibrary.wiley.com\/doi\/10.1002\/adma.202004132\">Advanced Materials&nbsp;33&nbsp;(4), 2004132 (2021).<\/a><\/em><\/p>\n\n\n\n<h2 class=\"wp-block-heading\">2020<\/h2>\n\n\n\n<p>Tsyshevsky, R.V.,&nbsp;A.R. Head,&nbsp;L. Trotochaud,&nbsp;H. Bluhm&nbsp;and&nbsp;M.M. Kuklja.<strong><br>Mechanisms of Degradation of Toxic Nerve Agents: Quantum-chemical Insight into Interactions of Sarin and Soman with Molybdenum Dioxide.<\/strong><br><em><a href=\"https:\/\/www.sciencedirect.com\/science\/article\/pii\/S003960282030251X?via%3Dihub\" data-type=\"link\" data-id=\"https:\/\/www.sciencedirect.com\/science\/article\/pii\/S003960282030251X?via%3Dihub\">Surface Science&nbsp;700, 121639 (2020).<\/a><\/em><\/p>\n\n\n\n<p>Goodacre, D.,&nbsp;M. Blum,&nbsp;C. Buechner,&nbsp;H. Hoek,&nbsp;S.M. Gericke,&nbsp;V. Jovic,&nbsp;J.B. Franklin,&nbsp;S. Kittiwatanakul,&nbsp;T. S\u00f6hnel,&nbsp;H. Bluhm&nbsp;and&nbsp;K.E. Smith.<br><strong>Water adsorption on vanadium oxide thin films in ambient relative humidity.&nbsp;<\/strong><br><em><a href=\"https:\/\/pubs.aip.org\/aip\/jcp\/article\/152\/4\/044715\/1064863\/Water-adsorption-on-vanadium-oxide-thin-films-in\" data-type=\"link\" data-id=\"https:\/\/pubs.aip.org\/aip\/jcp\/article\/152\/4\/044715\/1064863\/Water-adsorption-on-vanadium-oxide-thin-films-in\">The Journal of Chemical Physics&nbsp;152&nbsp;(4), 044715 (2020).<\/a><\/em><\/p>\n\n\n\n<p>Chen, D.,&nbsp;Z. Guan,&nbsp;D. Zhang,&nbsp;L. Trotochaud,&nbsp;E. Crumlin,&nbsp;S. Nemsak,&nbsp;H. Bluhm,&nbsp;H.L. Tuller&nbsp;and&nbsp;W.C. Chueh. <br><strong>Constructing a pathway for mixed ion and electron transfer reactions for O<sub>2<\/sub>&nbsp;incorporation in Pr<sub>0,1<\/sub>Ce<sub>0,9<\/sub>O<sub>2-x<\/sub>.&nbsp;<\/strong><br><em><a href=\"https:\/\/www.nature.com\/articles\/s41929-019-0401-9\" data-type=\"link\" data-id=\"https:\/\/www.nature.com\/articles\/s41929-019-0401-9\">Nature Catalysis&nbsp;3&nbsp;(2), 116\u2013124 (2020).<\/a><\/em><\/p>\n\n\n\n<h2 class=\"wp-block-heading has-text-align-center\"><\/h2>\n","protected":false},"excerpt":{"rendered":"<p>2025 Su, H., Chai, J., Guan, Z., Bluhm, H., Zhang, Z., Cao, Y., Liu, Z., Chueh, W.C., Zhang, L., Chen, D. Tuning the f band for Enhanced Surface Redox in Strained Rare Earth Oxides. J. Am. Chem. Soc. 147, 40196-40204 (2025).\u00a0 DOI: 10.1021\/jacs.5c08872 Gholami, S., Buttersack, T., Richter, C., Trinter, F., Dupuy, R., Cablitz, L., [&hellip;]<\/p>\n","protected":false},"author":1,"featured_media":0,"parent":0,"menu_order":20,"comment_status":"closed","ping_status":"closed","template":"template-publications.php","meta":{"pc_test_meta":"","_wp_page_template":"template-publications.php","_pc_groupsite_showsInMenu":true,"_pc_groupsite_internal_hide_warning":false,"_pc_groupsite_internal_hide_header":false,"_pc_groupsite_visibleInternally":false,"_pc_groupsite_fullWidthPage":false,"_pc_groupsite_showChildpageHeadings":false,"_pc_groupsite_showChildpageShort":false,"_pc_groupsite_showChildpageMenu":false,"_pc_groupsite_people_format":"","_pc_groupsite_textAlign":"","_pc_groupsite_contentWidth":"","_pc_groupsite_news_cat":"","_pc_groupsite_news_count":0,"_pc_groupsite_pub_show_journal":false,"_pc_groupsite_pub_show_book":false,"_pc_groupsite_pub_show_thesis":false,"_pc_groupsite_pub_show_dataset":false,"_pc_groupsite_pub_years_hidden":false,"_pc_groupsite_pub_numbering":"","_pc_groupsite_pub_merge_years_before":"","_pc_groupsite_people_type":"","_pc_groupsite_people_position":"","_pc_groupsite_people_responsibilities":"","_pc_groupsite_people_email":"","_pc_groupsite_people_phone":"","_pc_groupsite_people_link":"","_pc_groupsite_people_hide_menu":false,"_pc_groupsite_people_hide_photo":false,"_pc_groupsite_people_img_pos":"","_pc_groupsite_people_img_pos_x":0,"_pc_groupsite_people_img_pos_y":0,"_pc_groupsite_people_img_scale":0,"_pc_groupsite_pub_type":"","_pc_groupsite_pub_title":"","_pc_groupsite_pub_authors":"","_pc_groupsite_pub_journal":"","_pc_groupsite_pub_doi":"","_pc_groupsite_pub_openaccess":"","_pc_groupsite_pub_openaccess_name":"","_pc_groupsite_pub_date":"","_pc_groupsite_pub_dataset":"","_pc_groupsite_pub_dataset_name":"","footnotes":""},"_links":{"self":[{"href":"https:\/\/pc.fhi-berlin.mpg.de\/lvi\/wp-json\/wp\/v2\/pages\/11"}],"collection":[{"href":"https:\/\/pc.fhi-berlin.mpg.de\/lvi\/wp-json\/wp\/v2\/pages"}],"about":[{"href":"https:\/\/pc.fhi-berlin.mpg.de\/lvi\/wp-json\/wp\/v2\/types\/page"}],"author":[{"embeddable":true,"href":"https:\/\/pc.fhi-berlin.mpg.de\/lvi\/wp-json\/wp\/v2\/users\/1"}],"replies":[{"embeddable":true,"href":"https:\/\/pc.fhi-berlin.mpg.de\/lvi\/wp-json\/wp\/v2\/comments?post=11"}],"version-history":[{"count":51,"href":"https:\/\/pc.fhi-berlin.mpg.de\/lvi\/wp-json\/wp\/v2\/pages\/11\/revisions"}],"predecessor-version":[{"id":344,"href":"https:\/\/pc.fhi-berlin.mpg.de\/lvi\/wp-json\/wp\/v2\/pages\/11\/revisions\/344"}],"wp:attachment":[{"href":"https:\/\/pc.fhi-berlin.mpg.de\/lvi\/wp-json\/wp\/v2\/media?parent=11"}],"curies":[{"name":"wp","href":"https:\/\/api.w.org\/{rel}","templated":true}]}}